{"id":7596,"date":"2018-09-20T15:43:51","date_gmt":"2018-09-20T15:43:51","guid":{"rendered":"https:\/\/www.creative255.com\/get-in-touch\/"},"modified":"2026-03-24T12:35:50","modified_gmt":"2026-03-24T12:35:50","slug":"get-in-touch","status":"publish","type":"page","link":"https:\/\/www.creative255.com\/ar\/get-in-touch\/","title":{"rendered":"GET IN TOUCH"},"content":{"rendered":"<section class=\"wpb-content-wrapper\"><p>[vc_row row_content_width=&#8221;grid&#8221; css=&#8221;.vc_custom_1539612378460{padding-top: 122px !important;padding-bottom: 140px !important;}&#8221;][vc_column offset=&#8221;vc_col-lg-5 vc_col-md-12&#8243;]<div class=\"qodef-elements-holder   qodef-one-column  qodef-responsive-mode-768 \" ><div class=\"qodef-eh-item    \"  data-item-class=\"qodef-eh-custom-8971\" data-1367-1600=\"7px 92px 27px 0px\" data-1025-1366=\"29px 23px 20px 0px\" data-769-1024=\"0px 291px 93px 0px\" data-681-768=\"0px 161px 94px 0px\" data-680=\"0px 0px 73px 0px\">\n\t<div class=\"qodef-eh-item-inner\">\n\t\t<div class=\"qodef-eh-item-content qodef-eh-custom-8971\" style=\"padding: 7px 106px 0px 0px\">\n\t\t\t<div class=\"qodef-section-title-holder  qodef-st-standard qodef-st-title-left qodef-st-normal-space \" >\n\t<div class=\"qodef-st-inner\">\n\t\t            <div class=\"qodef-label\" style=\"margin-bottom:9px\">\n                <span class=\"qodef-label-line\" ><\/span>\n                <span class=\"qodef-label-text\" >WHEREVER YOU ARE<\/span>\n            <\/div>\n        \t\t\t<h1 class=\"qodef-st-title\" >\n\t\t\t\tYou\u2019re only one call away to start with us!\t\t\t<\/h1>\n\t\t        \t\t\t\t\t<p class=\"qodef-st-text\" style=\"margin-top: 20px\">\n\t\t\t\tWe work and deliver many successful projects for companies from all around the world.<br \/>\nContact us to build your brand!<br \/>\nWe have created our success through understanding our customers and delivering outstanding projects.\t\t\t<\/p>\n\t\t\t<\/div>\n<\/div>[vc_empty_space height=&#8221;27px&#8221;]<div class=\"qodef-section-title-holder  qodef-st-standard qodef-st-title-left qodef-st-normal-space \" >\n\t<div class=\"qodef-st-inner\">\n\t\t        \t\t\t\t\t<p class=\"qodef-st-text\" style=\"margin-top: 20px\">\n\t\t\t\tThis site is owned and operated by MOUHAMMAD ANAS ALHINDI, Email: annoos.hindi@gmail.com\t\t\t<\/p>\n\t\t\t<\/div>\n<\/div>[vc_empty_space height=&#8221;27px&#8221;]\t\t<\/div>\n\t<\/div>\n<\/div><\/div>[vc_row_inner][vc_column_inner width=&#8221;1\/4&#8243;][vc_single_image image=&#8221;7612&#8243;][\/vc_column_inner][vc_column_inner width=&#8221;3\/4&#8243;][vc_column_text]<strong>E-mail<\/strong><br \/>\ninfo@creative255.com[\/vc_column_text][\/vc_column_inner][\/vc_row_inner][vc_empty_space height=&#8221;27px&#8221;][vc_row_inner][vc_column_inner width=&#8221;1\/4&#8243;][vc_single_image image=&#8221;12377&#8243;][\/vc_column_inner][vc_column_inner width=&#8221;3\/4&#8243;][vc_column_text]K\u0131rcaali, Kayal\u0131 Sk.<br \/>\nTu\u011fcu Plaza 1 \u0130\u015f Han\u0131 No:38, D:70, 16220 Osmangazi\/BURSA. T\u00dcRK\u0130YE<br \/>\n<strong>Mob. +90545 560 32 77<\/strong>[\/vc_column_text][\/vc_column_inner][\/vc_row_inner][vc_empty_space height=&#8221;27px&#8221;][\/vc_column][vc_column offset=&#8221;vc_col-lg-7 vc_col-md-12&#8243;]<div class=\"qodef-elements-holder   qodef-one-column  qodef-responsive-mode-768 \" ><div class=\"qodef-eh-item    \"  data-item-class=\"qodef-eh-custom-5968\" data-1367-1600=\"47px 0px 0px 100px\" data-1025-1366=\"69px 0px 0px 100px\" data-769-1024=\"0px 0px 0px 0px\" data-681-768=\"0px 0px 0px 0px\" data-680=\"0px 0px 0px 0px\">\n\t<div class=\"qodef-eh-item-inner\">\n\t\t<div class=\"qodef-eh-item-content qodef-eh-custom-5968\" style=\"padding: 48px 0px 0px 110px\">\n\t\t\t<div class=\"qodef-section-title-holder  qodef-st-standard qodef-st-title-left qodef-st-normal-space \" >\n\t<div class=\"qodef-st-inner\">\n\t\t\t\t\t<h2 class=\"qodef-st-title\" >\n\t\t\t\tTell us about your business\t\t\t<\/h2>\n\t\t        \t\t\t\t\t<p class=\"qodef-st-text\" >\n\t\t\t\tWe are waiting to hear from you.<br \/>\nTell us about your business, brand, ideas, and lets get started!\t\t\t<\/p>\n\t\t\t<\/div>\n<\/div>[vc_empty_space height=&#8221;40px&#8221;]\n<div class=\"wpcf7 no-js\" id=\"wpcf7-f7809-o1\" lang=\"ar\" dir=\"rtl\" data-wpcf7-id=\"7809\">\n<div class=\"screen-reader-response\"><p role=\"status\" aria-live=\"polite\" aria-atomic=\"true\"><\/p> <ul><\/ul><\/div>\n<form action=\"\/ar\/wp-json\/wp\/v2\/pages\/7596#wpcf7-f7809-o1\" method=\"post\" class=\"wpcf7-form init\" aria-label=\"\u0646\u0645\u0648\u0630\u062c \u0627\u0644\u0627\u062a\u0635\u0627\u0644\" novalidate=\"novalidate\" data-status=\"init\">\n<fieldset class=\"hidden-fields-container\"><input type=\"hidden\" name=\"_wpcf7\" value=\"7809\" \/><input type=\"hidden\" name=\"_wpcf7_version\" value=\"6.1.5\" \/><input type=\"hidden\" name=\"_wpcf7_locale\" value=\"ar\" \/><input type=\"hidden\" name=\"_wpcf7_unit_tag\" value=\"wpcf7-f7809-o1\" \/><input type=\"hidden\" name=\"_wpcf7_container_post\" value=\"0\" \/><input type=\"hidden\" name=\"_wpcf7_posted_data_hash\" value=\"\" \/><input type=\"hidden\" name=\"_wpcf7_recaptcha_response\" value=\"\" \/>\n<\/fieldset>\n<div class=\"qodef-grid-row qodef-grid-small-gutter\">\n\t<div class=\"qodef-grid-col-6\">\n\t\t<p><span class=\"wpcf7-form-control-wrap\" data-name=\"your-full-name\"><input size=\"40\" maxlength=\"400\" class=\"wpcf7-form-control wpcf7-text wpcf7-validates-as-required\" aria-required=\"true\" aria-invalid=\"false\" placeholder=\"Full Name\" value=\"\" type=\"text\" name=\"your-full-name\" \/><\/span>\n\t\t<\/p>\n\t<\/div>\n\t<div class=\"qodef-grid-col-6\">\n\t\t<p><span class=\"wpcf7-form-control-wrap\" data-name=\"your-company\"><input size=\"40\" maxlength=\"400\" class=\"wpcf7-form-control wpcf7-text wpcf7-validates-as-required\" aria-required=\"true\" aria-invalid=\"false\" placeholder=\"Company\" value=\"\" type=\"text\" name=\"your-company\" \/><\/span>\n\t\t<\/p>\n\t<\/div>\n<\/div>\n<div class=\"qodef-grid-row qodef-grid-small-gutter\">\n\t<div class=\"qodef-grid-col-12\">\n\t\t<p><span class=\"wpcf7-form-control-wrap\" data-name=\"your-email\"><input size=\"40\" maxlength=\"400\" class=\"wpcf7-form-control wpcf7-email wpcf7-validates-as-required wpcf7-text wpcf7-validates-as-email\" aria-required=\"true\" aria-invalid=\"false\" placeholder=\"Email\" value=\"\" type=\"email\" name=\"your-email\" \/><\/span>\n\t\t<\/p>\n\t<\/div>\n<\/div>\n<div class=\"qodef-grid-row\">\n\t<div class=\"qodef-grid-col-12\">\n\t\t<p><span class=\"wpcf7-form-control-wrap\" data-name=\"your-message\"><textarea cols=\"40\" rows=\"10\" maxlength=\"2000\" class=\"wpcf7-form-control wpcf7-textarea wpcf7-validates-as-required\" aria-required=\"true\" aria-invalid=\"false\" placeholder=\"Message\" name=\"your-message\"><\/textarea><\/span>\n\t\t<\/p>\n\t<\/div>\n<\/div>\n\n<p><span style=\"display: block; margin-right: -20px; margin-top: 10px; text-align: right\"><button class=\"wpcf7-form-control wpcf7-submit qodef-btn qodef-btn-medium qodef-btn-outline qodef-btn-after\" type=\"submit\"><span class=\"qodef-btn-text\">Contact Us<\/span><\/button><\/span>\n<\/p><p style=\"display: none !important;\" class=\"akismet-fields-container\" data-prefix=\"_wpcf7_ak_\"><label>&#916;<textarea name=\"_wpcf7_ak_hp_textarea\" cols=\"45\" rows=\"8\" maxlength=\"100\"><\/textarea><\/label><input type=\"hidden\" id=\"ak_js_1\" name=\"_wpcf7_ak_js\" value=\"218\"\/><script>document.getElementById( \"ak_js_1\" ).setAttribute( \"value\", ( new Date() ).getTime() );<\/script><\/p><div class=\"wpcf7-response-output\" aria-hidden=\"true\"><\/div>\n<\/form>\n<\/div>\n\t\t<\/div>\n\t<\/div>\n<\/div><\/div>[\/vc_column][\/vc_row][vc_row][vc_column]<div class=\"qodef-google-map-holder\">\n\t\t<div class=\"qodef-google-map\" id=\"qodef-map-321617\" data-addresses='[\"Bedford-Stuyvesant Brooklyn, NY, USA 40.679067, -73.944961\"]' data-custom-map-style=yes data-color-overlay=#393939 data-saturation=-100 data-lightness=10 data-zoom=12 data-pin=https:\/\/www.creative255.com\/wp-includes\/images\/media\/default.svg data-unique-id=321617 data-scroll-wheel=no data-height=652px ><\/div>\n\t\t\t\t<div class=\"qodef-google-map-overlay\"><\/div>\n\t<\/div>[\/vc_column][\/vc_row]<\/p>\n<\/section>","protected":false},"excerpt":{"rendered":"<p>[vc_row row_content_width=&#8221;grid&#8221; css=&#8221;.vc_custom_1539612378460{padding-top: 122px !important;padding-bottom: 140px !important;}&#8221;][vc_column offset=&#8221;vc_col-lg-5 vc_col-md-12&#8243;][vc_row_inner][vc_column_inner width=&#8221;1\/4&#8243;][vc_single_image image=&#8221;7612&#8243;][\/vc_column_inner][vc_column_inner width=&#8221;3\/4&#8243;][vc_column_text]E-mail info@creative255.com[\/vc_column_text][\/vc_column_inner][\/vc_row_inner][vc_empty_space height=&#8221;27px&#8221;][vc_row_inner][vc_column_inner width=&#8221;1\/4&#8243;][vc_single_image image=&#8221;12377&#8243;][\/vc_column_inner][vc_column_inner width=&#8221;3\/4&#8243;][vc_column_text]K\u0131rcaali, Kayal\u0131 Sk. Tu\u011fcu Plaza 1 \u0130\u015f Han\u0131 No:38, D:70, 16220 Osmangazi\/BURSA. T\u00dcRK\u0130YE Mob. +90545 560 32 77[\/vc_column_text][\/vc_column_inner][\/vc_row_inner][vc_empty_space height=&#8221;27px&#8221;][\/vc_column][vc_column offset=&#8221;vc_col-lg-7 vc_col-md-12&#8243;][\/vc_column][\/vc_row][vc_row][vc_column][\/vc_column][\/vc_row]<\/p>\n","protected":false},"author":1,"featured_media":0,"parent":0,"menu_order":0,"comment_status":"closed","ping_status":"closed","template":"full-width.php","meta":{"footnotes":""},"class_list":["post-7596","page","type-page","status-publish","hentry"],"_links":{"self":[{"href":"https:\/\/www.creative255.com\/ar\/wp-json\/wp\/v2\/pages\/7596","targetHints":{"allow":["GET"]}}],"collection":[{"href":"https:\/\/www.creative255.com\/ar\/wp-json\/wp\/v2\/pages"}],"about":[{"href":"https:\/\/www.creative255.com\/ar\/wp-json\/wp\/v2\/types\/page"}],"author":[{"embeddable":true,"href":"https:\/\/www.creative255.com\/ar\/wp-json\/wp\/v2\/users\/1"}],"replies":[{"embeddable":true,"href":"https:\/\/www.creative255.com\/ar\/wp-json\/wp\/v2\/comments?post=7596"}],"version-history":[{"count":38,"href":"https:\/\/www.creative255.com\/ar\/wp-json\/wp\/v2\/pages\/7596\/revisions"}],"predecessor-version":[{"id":12572,"href":"https:\/\/www.creative255.com\/ar\/wp-json\/wp\/v2\/pages\/7596\/revisions\/12572"}],"wp:attachment":[{"href":"https:\/\/www.creative255.com\/ar\/wp-json\/wp\/v2\/media?parent=7596"}],"curies":[{"name":"wp","href":"https:\/\/api.w.org\/{rel}","templated":true}]}}